{"id":5158,"date":"2020-01-15T12:42:15","date_gmt":"2020-01-15T11:42:15","guid":{"rendered":"https:\/\/www.esferize.com\/request-demo-eoc\/"},"modified":"2022-11-04T12:07:42","modified_gmt":"2022-11-04T11:07:42","slug":"request-demo-eoc","status":"publish","type":"page","link":"https:\/\/www.esferize.com\/en\/request-demo-eoc\/","title":{"rendered":"Request Demo EOC"},"content":{"rendered":"<p><div class=\"fusion-fullwidth fullwidth-box fusion-builder-row-1 hundred-percent-fullwidth non-hundred-percent-height-scrolling contact-row\" style=\"--awb-border-radius-top-left:0px;--awb-border-radius-top-right:0px;--awb-border-radius-bottom-right:0px;--awb-border-radius-bottom-left:0px;--awb-flex-wrap:wrap;\" ><div class=\"fusion-builder-row fusion-row\"><div class=\"fusion-layout-column fusion_builder_column fusion-builder-column-0 fusion_builder_column_1_1 1_1 fusion-one-full fusion-column-first fusion-column-last\" style=\"--awb-bg-size:cover;\" id=\"form-column\"><div class=\"fusion-column-wrapper fusion-column-has-shadow fusion-flex-column-wrapper-legacy\"><div class=\"fusion-column-content-centered\"><div class=\"fusion-column-content\"><div class=\"fusion-text fusion-text-1\"><p>Request EOC demonstration.<\/p>\n<\/div>\n<div class=\"wpcf7 no-js\" id=\"wpcf7-f5157-o1\" lang=\"en-US\" dir=\"ltr\" data-wpcf7-id=\"5157\">\n<div class=\"screen-reader-response\"><p role=\"status\" aria-live=\"polite\" aria-atomic=\"true\"><\/p> <ul><\/ul><\/div>\n<form action=\"\/en\/wp-json\/wp\/v2\/pages\/5158#wpcf7-f5157-o1\" method=\"post\" class=\"wpcf7-form init wpcf7-acceptance-as-validation\" aria-label=\"Contact form\" novalidate=\"novalidate\" data-status=\"init\">\n<fieldset class=\"hidden-fields-container\"><input type=\"hidden\" name=\"_wpcf7\" value=\"5157\" \/><input type=\"hidden\" name=\"_wpcf7_version\" value=\"6.1.5\" \/><input type=\"hidden\" name=\"_wpcf7_locale\" value=\"en_US\" \/><input type=\"hidden\" name=\"_wpcf7_unit_tag\" value=\"wpcf7-f5157-o1\" \/><input type=\"hidden\" name=\"_wpcf7_container_post\" value=\"0\" \/><input type=\"hidden\" name=\"_wpcf7_posted_data_hash\" value=\"\" \/><input type=\"hidden\" name=\"_wpcf7cf_hidden_group_fields\" value=\"[]\" \/><input type=\"hidden\" name=\"_wpcf7cf_hidden_groups\" value=\"[]\" \/><input type=\"hidden\" name=\"_wpcf7cf_visible_groups\" value=\"[]\" \/><input type=\"hidden\" name=\"_wpcf7cf_repeaters\" value=\"[]\" \/><input type=\"hidden\" name=\"_wpcf7cf_steps\" value=\"{}\" \/><input type=\"hidden\" name=\"_wpcf7cf_options\" value=\"{&quot;form_id&quot;:5157,&quot;conditions&quot;:[],&quot;settings&quot;:{&quot;animation&quot;:&quot;yes&quot;,&quot;animation_intime&quot;:200,&quot;animation_outtime&quot;:200,&quot;conditions_ui&quot;:&quot;normal&quot;,&quot;notice_dismissed&quot;:false,&quot;notice_dismissed_update-cf7-5.8.3&quot;:true}}\" \/><input type=\"hidden\" name=\"_wpcf7_recaptcha_response\" value=\"\" \/>\n<\/fieldset>\n<p><label>Hotel name <span style=\"color:red;\">*<\/span><br \/>\n<span class=\"wpcf7-form-control-wrap\" data-name=\"mc4wp-HOTEL\"><input size=\"40\" maxlength=\"400\" class=\"wpcf7-form-control wpcf7-text wpcf7-validates-as-required\" aria-required=\"true\" aria-invalid=\"false\" value=\"\" type=\"text\" name=\"mc4wp-HOTEL\" \/><\/span> <\/label>\n<\/p>\n<p><label> Rooms number <span style=\"color:red;\">*<\/span><br \/>\n<span class=\"wpcf7-form-control-wrap\" data-name=\"mc4wp-ROOMS\"><input class=\"wpcf7-form-control wpcf7-number wpcf7-validates-as-required wpcf7-validates-as-number\" aria-required=\"true\" aria-invalid=\"false\" placeholder=\"Enter your rooms numbers\" value=\"\" type=\"number\" name=\"mc4wp-ROOMS\" \/><\/span> <\/label>\n<\/p>\n<p><label> Star <span style=\"color:red;\">*<\/span><br \/>\n<span class=\"wpcf7-form-control-wrap\" data-name=\"mc4wp-STAR\"><select class=\"wpcf7-form-control wpcf7-select wpcf7-validates-as-required\" aria-required=\"true\" aria-invalid=\"false\" name=\"mc4wp-STAR\"><option value=\"1\">1<\/option><option value=\"2\">2<\/option><option value=\"3\">3<\/option><option value=\"4\">4<\/option><option value=\"5\">5<\/option><\/select><\/span> <\/label>\n<\/p>\n<p><label>City<span style=\"color:red;\">*<\/span><br \/>\n<span class=\"wpcf7-form-control-wrap\" data-name=\"mc4wp-CIUDAD\"><input size=\"40\" maxlength=\"400\" class=\"wpcf7-form-control wpcf7-text wpcf7-validates-as-required\" aria-required=\"true\" aria-invalid=\"false\" placeholder=\"Enter your city\" value=\"\" type=\"text\" name=\"mc4wp-CIUDAD\" \/><\/span> <\/label>\n<\/p>\n<p><label>Contact person<span style=\"color:red;\">*<\/span><br \/>\n<span class=\"wpcf7-form-control-wrap\" data-name=\"mc4wp-FNAME\"><input size=\"40\" maxlength=\"400\" class=\"wpcf7-form-control wpcf7-text wpcf7-validates-as-required\" aria-required=\"true\" aria-invalid=\"false\" placeholder=\"Enter your name\" value=\"\" type=\"text\" name=\"mc4wp-FNAME\" \/><\/span> <\/label>\n<\/p>\n<p><label> Email <span style=\"color:red;\">*<\/span><br \/>\n<span class=\"wpcf7-form-control-wrap\" data-name=\"mc4wp-EMAIL\"><input size=\"40\" maxlength=\"400\" class=\"wpcf7-form-control wpcf7-email wpcf7-validates-as-required wpcf7-text wpcf7-validates-as-email\" aria-required=\"true\" aria-invalid=\"false\" placeholder=\"Enter your email\" value=\"\" type=\"email\" name=\"mc4wp-EMAIL\" \/><\/span> <\/label>\n<\/p>\n<p><label> Phone<br \/>\n<span class=\"wpcf7-form-control-wrap\" data-name=\"mc4wp-PHONE\"><input size=\"40\" maxlength=\"400\" class=\"wpcf7-form-control wpcf7-tel wpcf7-text wpcf7-validates-as-tel\" aria-invalid=\"false\" placeholder=\"Enter your phone\" value=\"\" type=\"tel\" name=\"mc4wp-PHONE\" \/><\/span> <\/label>\n<\/p>\n<p><label class=\"salert-legal\"><span class=\"wpcf7-form-control-wrap\" data-name=\"acceptance-legal\"><span class=\"wpcf7-form-control wpcf7-acceptance\"><span class=\"wpcf7-list-item\"><label><input type=\"checkbox\" name=\"acceptance-legal\" value=\"1\" aria-invalid=\"false\" \/><span class=\"wpcf7-list-item-label\">Accept <strong><a id='somethingToDo' onclick=\"Swal.fire({title:'Informaci\u00f3n legal', html:'Le informamos que los datos personales obtenidos mediante este formulario, as\u00ed como su direcci\u00f3n de correo electr\u00f3nico, han sido incorporados en un fichero del cual es responsable ESFERIZE COMUNICACIONES, S.L., con la finalidad de atender sus consultas y enviarle informaci\u00f3n relacionada con la entidad que pudiera ser de su inter\u00e9s.<br><\/a><br\/>ESFERIZE COMUNICACIONES, S.L. se compromete a usar los datos recogidos mediante este formulario, \u00fanicamente para la finalidad anteriormente mencionada.<br\/><br\/>El interesado declara tener conocimiento del destino y uso de los datos personales recogidos mediante la lectura de la presente cl\u00e1usula.<br\/><br\/>El env\u00edo de este e-mail implica la aceptaci\u00f3n de las cl\u00e1usulas expuestas.<br\/><br\/>Si desea ejercer los derechos de acceso, rectificaci\u00f3n, cancelaci\u00f3n u oposici\u00f3n en los t\u00e9rminos establecidos en la Ley Org\u00e1nica 15\/1999, puede hacerlo en la siguiente direcci\u00f3n ESFERIZE COMUNICACIONES, S.L.; C\/SECOYA 19, 3\u00ba LOCAL 13 y 14 - 28044 MADRID.', showCloseButton: 'true', confirmButtonColor: '#212121', })\">Legal Info<\/a><\/strong><\/span><\/label><\/span><\/span><\/span><\/label>\n<\/p>\n<p><!-- Mailchimp for WordPress v4.11.1 - https:\/\/www.mc4wp.com\/ --><input type=\"hidden\" name=\"_mc4wp_subscribe_contact-form-7\" value=\"0\" \/><span class=\"mc4wp-checkbox mc4wp-checkbox-contact-form-7 \"><label><input type=\"checkbox\" name=\"_mc4wp_subscribe_contact-form-7\" value=\"1\" checked=\"checked\"><span> <\/span><\/label><\/span><!-- \/ Mailchimp for WordPress --> I want to receive commercial information.\n<\/p>\n<p><input class=\"wpcf7-form-control wpcf7-submit has-spinner\" type=\"submit\" value=\"Request Demo\" \/>\n<\/p><div class=\"fusion-alert alert custom alert-custom fusion-alert-center wpcf7-response-output fusion-alert-capitalize awb-alert-native-link-color alert-dismissable awb-alert-close-boxed\" style=\"--awb-border-size:1px;--awb-border-top-left-radius:0px;--awb-border-top-right-radius:0px;--awb-border-bottom-left-radius:0px;--awb-border-bottom-right-radius:0px;\" role=\"alert\"><div class=\"fusion-alert-content-wrapper\"><span class=\"fusion-alert-content\"><\/span><\/div><button type=\"button\" class=\"close toggle-alert\" data-dismiss=\"alert\" aria-label=\"Close\">&times;<\/button><\/div>\n<\/form>\n<\/div>\n<\/div><\/div><div class=\"fusion-clearfix\"><\/div><\/div><\/div><\/div><\/div><div class=\"fusion-fullwidth fullwidth-box fusion-builder-row-2 nonhundred-percent-fullwidth non-hundred-percent-height-scrolling\" style=\"--awb-border-radius-top-left:0px;--awb-border-radius-top-right:0px;--awb-border-radius-bottom-right:0px;--awb-border-radius-bottom-left:0px;--awb-margin-top:50px;--awb-margin-bottom:-20px;--awb-flex-wrap:wrap;\" ><div class=\"fusion-builder-row fusion-row\"><div class=\"fusion-layout-column fusion_builder_column fusion-builder-column-1 fusion_builder_column_1_1 1_1 fusion-one-full fusion-column-first fusion-column-last\" style=\"--awb-bg-size:cover;\"><div class=\"fusion-column-wrapper fusion-column-has-shadow fusion-flex-column-wrapper-legacy\"><div class=\"fusion-text fusion-text-2\"><p>Locate Our Offices:<\/p>\n<\/div><div class=\"fusion-clearfix\"><\/div><\/div><\/div><\/div><\/div><div class=\"fusion-fullwidth fullwidth-box fusion-builder-row-3 nonhundred-percent-fullwidth non-hundred-percent-height-scrolling contact-row\" style=\"--awb-border-radius-top-left:0px;--awb-border-radius-top-right:0px;--awb-border-radius-bottom-right:0px;--awb-border-radius-bottom-left:0px;--awb-background-color:rgba(255,255,255,0);--awb-flex-wrap:wrap;\" ><div class=\"fusion-builder-row fusion-row\"><div class=\"fusion-layout-column fusion_builder_column fusion-builder-column-2 fusion_builder_column_1_1 1_1 fusion-one-full fusion-column-first fusion-column-last\" style=\"--awb-bg-size:cover;\" id=\"map-container\"><div class=\"fusion-column-wrapper fusion-column-has-shadow fusion-flex-column-wrapper-legacy\"><div class=\"shortcode-map fusion-google-map fusion-maps-embed-type\"><iframe width=\"100%\" height=\"400px\" frameborder=\"0\" style=\"border:0\" src=\"https:\/\/www.google.com\/maps\/embed\/v1\/place?key=AIzaSyCwexJdBu5HkvgJ26fFhHEG6dL2I9y5bPE&language=en&q=C.+Secoya,+19,+28044+Madrid&maptype=roadmap&zoom=14\" allowfullscreen><\/iframe><\/div><div class=\"fusion-text fusion-text-3\"><p>19 Secoya street, Madrid, 28044<\/p>\n<\/div><div class=\"fusion-clearfix\"><\/div><\/div><\/div><\/div><\/div><\/p>\n","protected":false},"excerpt":{"rendered":"","protected":false},"author":7,"featured_media":0,"parent":0,"menu_order":0,"comment_status":"closed","ping_status":"closed","template":"100-width.php","meta":{"_acf_changed":false,"footnotes":""},"class_list":["post-5158","page","type-page","status-publish","hentry"],"acf":[],"yoast_head":"<!-- This site is optimized with the Yoast SEO plugin v27.0 - https:\/\/yoast.com\/product\/yoast-seo-wordpress\/ -->\n<title>Request Demo EOC - Esferize<\/title>\n<meta name=\"robots\" content=\"index, follow, max-snippet:-1, max-image-preview:large, max-video-preview:-1\" \/>\n<link rel=\"canonical\" href=\"https:\/\/www.esferize.com\/en\/request-demo-eoc\/\" \/>\n<meta property=\"og:locale\" content=\"en_US\" \/>\n<meta property=\"og:type\" content=\"article\" \/>\n<meta property=\"og:title\" content=\"Request Demo EOC - Esferize\" \/>\n<meta property=\"og:url\" content=\"https:\/\/www.esferize.com\/en\/request-demo-eoc\/\" \/>\n<meta property=\"og:site_name\" content=\"Esferize\" \/>\n<meta property=\"article:modified_time\" content=\"2022-11-04T11:07:42+00:00\" \/>\n<meta name=\"twitter:card\" content=\"summary_large_image\" \/>\n<meta name=\"twitter:label1\" content=\"Est. reading time\" \/>\n\t<meta name=\"twitter:data1\" content=\"3 minutes\" \/>\n<script type=\"application\/ld+json\" class=\"yoast-schema-graph\">{\"@context\":\"https:\/\/schema.org\",\"@graph\":[{\"@type\":\"WebPage\",\"@id\":\"https:\/\/www.esferize.com\/en\/request-demo-eoc\/\",\"url\":\"https:\/\/www.esferize.com\/en\/request-demo-eoc\/\",\"name\":\"Request Demo EOC - Esferize\",\"isPartOf\":{\"@id\":\"https:\/\/www.esferize.com\/en\/#website\"},\"datePublished\":\"2020-01-15T11:42:15+00:00\",\"dateModified\":\"2022-11-04T11:07:42+00:00\",\"breadcrumb\":{\"@id\":\"https:\/\/www.esferize.com\/en\/request-demo-eoc\/#breadcrumb\"},\"inLanguage\":\"en-US\",\"potentialAction\":[{\"@type\":\"ReadAction\",\"target\":[\"https:\/\/www.esferize.com\/en\/request-demo-eoc\/\"]}]},{\"@type\":\"BreadcrumbList\",\"@id\":\"https:\/\/www.esferize.com\/en\/request-demo-eoc\/#breadcrumb\",\"itemListElement\":[{\"@type\":\"ListItem\",\"position\":1,\"name\":\"Portada\",\"item\":\"https:\/\/www.esferize.com\/en\/\"},{\"@type\":\"ListItem\",\"position\":2,\"name\":\"Request Demo EOC\"}]},{\"@type\":\"WebSite\",\"@id\":\"https:\/\/www.esferize.com\/en\/#website\",\"url\":\"https:\/\/www.esferize.com\/en\/\",\"name\":\"Esferize\",\"description\":\"Connect to the future\",\"publisher\":{\"@id\":\"https:\/\/www.esferize.com\/en\/#organization\"},\"potentialAction\":[{\"@type\":\"SearchAction\",\"target\":{\"@type\":\"EntryPoint\",\"urlTemplate\":\"https:\/\/www.esferize.com\/en\/?s={search_term_string}\"},\"query-input\":{\"@type\":\"PropertyValueSpecification\",\"valueRequired\":true,\"valueName\":\"search_term_string\"}}],\"inLanguage\":\"en-US\"},{\"@type\":\"Organization\",\"@id\":\"https:\/\/www.esferize.com\/en\/#organization\",\"name\":\"Esferize Comunicaciones S.L.\",\"url\":\"https:\/\/www.esferize.com\/en\/\",\"logo\":{\"@type\":\"ImageObject\",\"inLanguage\":\"en-US\",\"@id\":\"https:\/\/www.esferize.com\/en\/#\/schema\/logo\/image\/\",\"url\":\"https:\/\/www.esferize.com\/wp-content\/uploads\/2019\/10\/logo.png\",\"contentUrl\":\"https:\/\/www.esferize.com\/wp-content\/uploads\/2019\/10\/logo.png\",\"width\":453,\"height\":100,\"caption\":\"Esferize Comunicaciones S.L.\"},\"image\":{\"@id\":\"https:\/\/www.esferize.com\/en\/#\/schema\/logo\/image\/\"},\"sameAs\":[\"https:\/\/www.linkedin.com\/company\/esferize-comunicaciones\"]}]}<\/script>\n<!-- \/ Yoast SEO plugin. -->","yoast_head_json":{"title":"Request Demo EOC - Esferize","robots":{"index":"index","follow":"follow","max-snippet":"max-snippet:-1","max-image-preview":"max-image-preview:large","max-video-preview":"max-video-preview:-1"},"canonical":"https:\/\/www.esferize.com\/en\/request-demo-eoc\/","og_locale":"en_US","og_type":"article","og_title":"Request Demo EOC - Esferize","og_url":"https:\/\/www.esferize.com\/en\/request-demo-eoc\/","og_site_name":"Esferize","article_modified_time":"2022-11-04T11:07:42+00:00","twitter_card":"summary_large_image","twitter_misc":{"Est. reading time":"3 minutes"},"schema":{"@context":"https:\/\/schema.org","@graph":[{"@type":"WebPage","@id":"https:\/\/www.esferize.com\/en\/request-demo-eoc\/","url":"https:\/\/www.esferize.com\/en\/request-demo-eoc\/","name":"Request Demo EOC - Esferize","isPartOf":{"@id":"https:\/\/www.esferize.com\/en\/#website"},"datePublished":"2020-01-15T11:42:15+00:00","dateModified":"2022-11-04T11:07:42+00:00","breadcrumb":{"@id":"https:\/\/www.esferize.com\/en\/request-demo-eoc\/#breadcrumb"},"inLanguage":"en-US","potentialAction":[{"@type":"ReadAction","target":["https:\/\/www.esferize.com\/en\/request-demo-eoc\/"]}]},{"@type":"BreadcrumbList","@id":"https:\/\/www.esferize.com\/en\/request-demo-eoc\/#breadcrumb","itemListElement":[{"@type":"ListItem","position":1,"name":"Portada","item":"https:\/\/www.esferize.com\/en\/"},{"@type":"ListItem","position":2,"name":"Request Demo EOC"}]},{"@type":"WebSite","@id":"https:\/\/www.esferize.com\/en\/#website","url":"https:\/\/www.esferize.com\/en\/","name":"Esferize","description":"Connect to the future","publisher":{"@id":"https:\/\/www.esferize.com\/en\/#organization"},"potentialAction":[{"@type":"SearchAction","target":{"@type":"EntryPoint","urlTemplate":"https:\/\/www.esferize.com\/en\/?s={search_term_string}"},"query-input":{"@type":"PropertyValueSpecification","valueRequired":true,"valueName":"search_term_string"}}],"inLanguage":"en-US"},{"@type":"Organization","@id":"https:\/\/www.esferize.com\/en\/#organization","name":"Esferize Comunicaciones S.L.","url":"https:\/\/www.esferize.com\/en\/","logo":{"@type":"ImageObject","inLanguage":"en-US","@id":"https:\/\/www.esferize.com\/en\/#\/schema\/logo\/image\/","url":"https:\/\/www.esferize.com\/wp-content\/uploads\/2019\/10\/logo.png","contentUrl":"https:\/\/www.esferize.com\/wp-content\/uploads\/2019\/10\/logo.png","width":453,"height":100,"caption":"Esferize Comunicaciones S.L."},"image":{"@id":"https:\/\/www.esferize.com\/en\/#\/schema\/logo\/image\/"},"sameAs":["https:\/\/www.linkedin.com\/company\/esferize-comunicaciones"]}]}},"_links":{"self":[{"href":"https:\/\/www.esferize.com\/en\/wp-json\/wp\/v2\/pages\/5158","targetHints":{"allow":["GET"]}}],"collection":[{"href":"https:\/\/www.esferize.com\/en\/wp-json\/wp\/v2\/pages"}],"about":[{"href":"https:\/\/www.esferize.com\/en\/wp-json\/wp\/v2\/types\/page"}],"author":[{"embeddable":true,"href":"https:\/\/www.esferize.com\/en\/wp-json\/wp\/v2\/users\/7"}],"replies":[{"embeddable":true,"href":"https:\/\/www.esferize.com\/en\/wp-json\/wp\/v2\/comments?post=5158"}],"version-history":[{"count":0,"href":"https:\/\/www.esferize.com\/en\/wp-json\/wp\/v2\/pages\/5158\/revisions"}],"wp:attachment":[{"href":"https:\/\/www.esferize.com\/en\/wp-json\/wp\/v2\/media?parent=5158"}],"curies":[{"name":"wp","href":"https:\/\/api.w.org\/{rel}","templated":true}]}}